{"id":2314,"date":"2020-06-26T13:36:29","date_gmt":"2020-06-26T13:36:29","guid":{"rendered":"http:\/\/almarlawyers.com\/contact-almar-lawyers-ibiza"},"modified":"2022-01-18T14:20:07","modified_gmt":"2022-01-18T14:20:07","slug":"kontakt","status":"publish","type":"page","link":"https:\/\/almarlawyers.com\/de\/kontakt\/","title":{"rendered":"Kontakt"},"content":{"rendered":"<p><div class=\"fusion-fullwidth fullwidth-box fusion-builder-row-1 fusion-flex-container fusion-parallax-none nonhundred-percent-fullwidth non-hundred-percent-height-scrolling lazyload\" style=\"--awb-background-position:center bottom;--awb-border-radius-top-left:0px;--awb-border-radius-top-right:0px;--awb-border-radius-bottom-right:0px;--awb-border-radius-bottom-left:0px;--awb-padding-top:90px;--awb-padding-bottom:90px;--awb-background-size:cover;--awb-flex-wrap:wrap;\" data-bg=\"https:\/\/almarlawyers.com\/wp-content\/uploads\/2021\/02\/Almar-Lawyers-Contact-Page-1024x347.jpg\" ><div class=\"fusion-builder-row fusion-row fusion-flex-align-items-flex-start fusion-flex-content-wrap\" style=\"max-width:1248px;margin-left: calc(-4% \/ 2 );margin-right: calc(-4% \/ 2 );\"><div class=\"fusion-layout-column fusion_builder_column fusion-builder-column-0 fusion_builder_column_1_1 1_1 fusion-flex-column\" style=\"--awb-bg-size:cover;--awb-width-large:100%;--awb-margin-top-large:0px;--awb-spacing-right-large:1.92%;--awb-margin-bottom-large:20px;--awb-spacing-left-large:1.92%;--awb-width-medium:100%;--awb-spacing-right-medium:1.92%;--awb-spacing-left-medium:1.92%;--awb-width-small:100%;--awb-spacing-right-small:1.92%;--awb-spacing-left-small:1.92%;\"><div class=\"fusion-column-wrapper fusion-column-has-shadow fusion-flex-justify-content-flex-start fusion-content-layout-column\"><div class=\"fusion-title title fusion-title-1 fusion-sep-none fusion-title-center fusion-title-text fusion-title-size-one\"><h1 class=\"fusion-title-heading title-heading-center\" style=\"margin:0;\"><span style=\"color: #2b7d93;\">Kontakt<\/span><\/h1><\/div><div class=\"fusion-text fusion-text-1\"><h4 style=\"text-align: center;\"><span style=\"color: #054c50;\">Rechtsberatung:<\/span><\/h4>\n<\/div><\/div><\/div><\/div><\/div><div class=\"fusion-fullwidth fullwidth-box fusion-builder-row-2 fusion-flex-container nonhundred-percent-fullwidth non-hundred-percent-height-scrolling\" style=\"--awb-border-radius-top-left:0px;--awb-border-radius-top-right:0px;--awb-border-radius-bottom-right:0px;--awb-border-radius-bottom-left:0px;--awb-padding-top:30px;--awb-margin-top:30px;--awb-background-color:#ffffff;--awb-flex-wrap:wrap;\" ><div class=\"fusion-builder-row fusion-row fusion-flex-align-items-flex-start fusion-flex-content-wrap\" style=\"max-width:1248px;margin-left: calc(-4% \/ 2 );margin-right: calc(-4% \/ 2 );\"><div class=\"fusion-layout-column fusion_builder_column fusion-builder-column-1 fusion_builder_column_1_4 1_4 fusion-flex-column\" style=\"--awb-bg-size:cover;--awb-width-large:25%;--awb-margin-top-large:0px;--awb-spacing-right-large:7.68%;--awb-margin-bottom-large:20px;--awb-spacing-left-large:7.68%;--awb-width-medium:100%;--awb-spacing-right-medium:1.92%;--awb-spacing-left-medium:1.92%;--awb-width-small:50%;--awb-spacing-right-small:3.84%;--awb-spacing-left-small:3.84%;\"><div class=\"fusion-column-wrapper fusion-column-has-shadow fusion-flex-justify-content-flex-start fusion-content-layout-column\"><div class=\"fusion-text fusion-text-2\"><div class=\"heading heading-with-icon icon-left\">\n<h4 class=\"content-box-heading fusion-responsive-typography-calculated\" style=\"text-align: center;\" data-fontsize=\"18\" data-lineheight=\"23.04px\">Anschrift<\/h4>\n<\/div>\n<div class=\"content-container\">\n<p style=\"text-align: center;\">ALMAR LAWYERS<br \/>\nPaseo Vara de Rey 20, 1\u00b0, 2\u00aa<br \/>\n07800, Ibiza<\/p>\n<\/div>\n<\/div><\/div><\/div><div class=\"fusion-layout-column fusion_builder_column fusion-builder-column-2 fusion_builder_column_1_4 1_4 fusion-flex-column\" style=\"--awb-bg-size:cover;--awb-width-large:25%;--awb-margin-top-large:0px;--awb-spacing-right-large:7.68%;--awb-margin-bottom-large:20px;--awb-spacing-left-large:7.68%;--awb-width-medium:33.333333333333%;--awb-spacing-right-medium:5.76%;--awb-spacing-left-medium:5.76%;--awb-width-small:50%;--awb-spacing-right-small:3.84%;--awb-spacing-left-small:3.84%;\"><div class=\"fusion-column-wrapper fusion-column-has-shadow fusion-flex-justify-content-flex-start fusion-content-layout-column\"><div class=\"fusion-text fusion-text-3\"><div class=\"heading heading-with-icon icon-left\">\n<h4 class=\"content-box-heading fusion-responsive-typography-calculated\" style=\"text-align: center;\" data-fontsize=\"18\" data-lineheight=\"23.04px\">B\u00fcrozeiten<\/h4>\n<\/div>\n<div class=\"content-container\">\n<div class=\"content-container\">\n<p style=\"text-align: center;\">Montag &#8211; Freitag<br \/>\n09:00 \u2013 14:00<\/p>\n<\/div>\n<\/div>\n<\/div><\/div><\/div><div class=\"fusion-layout-column fusion_builder_column fusion-builder-column-3 fusion_builder_column_1_4 1_4 fusion-flex-column\" style=\"--awb-bg-size:cover;--awb-width-large:25%;--awb-margin-top-large:0px;--awb-spacing-right-large:7.68%;--awb-margin-bottom-large:20px;--awb-spacing-left-large:7.68%;--awb-width-medium:33.333333333333%;--awb-spacing-right-medium:5.76%;--awb-spacing-left-medium:5.76%;--awb-width-small:50%;--awb-spacing-right-small:3.84%;--awb-spacing-left-small:3.84%;\"><div class=\"fusion-column-wrapper fusion-column-has-shadow fusion-flex-justify-content-flex-start fusion-content-layout-column\"><div class=\"fusion-text fusion-text-4\"><div class=\"heading heading-with-icon icon-left\">\n<h4 class=\"content-box-heading fusion-responsive-typography-calculated\" style=\"text-align: center;\" data-fontsize=\"18\" data-lineheight=\"23.04px\">Telefon<\/h4>\n<\/div>\n<div class=\"content-container\">\n<p style=\"text-align: center;\"><a href=\"tel:\/\/+34971313421\">+34 971 313 421<\/a><\/p>\n<\/div>\n<\/div><\/div><\/div><div class=\"fusion-layout-column fusion_builder_column fusion-builder-column-4 fusion_builder_column_1_4 1_4 fusion-flex-column\" style=\"--awb-bg-size:cover;--awb-width-large:25%;--awb-margin-top-large:0px;--awb-spacing-right-large:7.68%;--awb-margin-bottom-large:20px;--awb-spacing-left-large:7.68%;--awb-width-medium:33.333333333333%;--awb-spacing-right-medium:5.76%;--awb-spacing-left-medium:5.76%;--awb-width-small:50%;--awb-spacing-right-small:3.84%;--awb-spacing-left-small:3.84%;\"><div class=\"fusion-column-wrapper fusion-column-has-shadow fusion-flex-justify-content-flex-start fusion-content-layout-column\"><div class=\"fusion-text fusion-text-5\"><div class=\"heading heading-with-icon icon-left\">\n<h4 class=\"content-box-heading fusion-responsive-typography-calculated\" style=\"text-align: center;\" data-fontsize=\"18\" data-lineheight=\"23.04px\">E-Mail<\/h4>\n<\/div>\n<div class=\"content-container\">\n<div class=\"content-container\">\n<p style=\"text-align: center;\"><a href=\"mailto:nadine@almarlawyers.com\">info@almarlawyers.com<\/a><\/p>\n<\/div>\n<\/div>\n<\/div><\/div><\/div><\/div><\/div><div class=\"fusion-fullwidth fullwidth-box fusion-builder-row-3 fusion-flex-container hundred-percent-fullwidth non-hundred-percent-height-scrolling\" style=\"--awb-border-radius-top-left:0px;--awb-border-radius-top-right:0px;--awb-border-radius-bottom-right:0px;--awb-border-radius-bottom-left:0px;--awb-background-color:#2f4d65;--awb-flex-wrap:wrap;\" ><div class=\"fusion-builder-row fusion-row fusion-flex-align-items-flex-start fusion-flex-content-wrap\" style=\"width:104% !important;max-width:104% !important;margin-left: calc(-4% \/ 2 );margin-right: calc(-4% \/ 2 );\"><div class=\"fusion-layout-column fusion_builder_column fusion-builder-column-5 fusion_builder_column_1_1 1_1 fusion-flex-column\" style=\"--awb-padding-top:60px;--awb-bg-size:cover;--awb-width-large:100%;--awb-margin-top-large:0px;--awb-spacing-right-large:1.92%;--awb-margin-bottom-large:20px;--awb-spacing-left-large:1.92%;--awb-width-medium:100%;--awb-spacing-right-medium:1.92%;--awb-spacing-left-medium:1.92%;--awb-width-small:100%;--awb-spacing-right-small:1.92%;--awb-spacing-left-small:1.92%;\"><div class=\"fusion-column-wrapper fusion-column-has-shadow fusion-flex-justify-content-flex-start fusion-content-layout-column\"><div class=\"fusion-text fusion-text-6\"><p style=\"color: #2b7d93; text-align: center; font-weight: 500;\"><span style=\"color: #ffffff;\">SIE BEN\u00d6TIGEN EINE RECHTSBERATUNG?<\/span><\/p>\n<h2 style=\"text-align: center;\"><span style=\"color: #ffffff;\">Kontaktieren Sie uns<\/span><\/h2>\n<\/div><div class=\"fusion-separator\" style=\"align-self: center;margin-left: auto;margin-right: auto;margin-top:-20px;margin-bottom:30px;width:100%;max-width:50px;\"><div class=\"fusion-separator-border sep-single sep-solid\" style=\"--awb-height:20px;--awb-amount:20px;--awb-sep-color:#25b0b9;border-color:#25b0b9;border-top-width:2px;\"><\/div><\/div><div class=\"fusion-text fusion-text-7\"><p style=\"text-align: center;\"><span style=\"color: #ffffff;\">F\u00fcr eine Terminvereinbarung oder eine erste Kontaktaufnahme rufen Sie uns bitte an, schicken uns eine E-Mail oder f\u00fcllen das nachstehende Formular mit Ihren Kontaktdaten aus, damit wir uns bei Ihnen melden k\u00f6nnen.<\/span><\/p>\n<\/div><\/div><\/div><div class=\"fusion-layout-column fusion_builder_column fusion-builder-column-6 fusion_builder_column_1_4 1_4 fusion-flex-column\" style=\"--awb-bg-size:cover;--awb-width-large:25%;--awb-margin-top-large:0px;--awb-spacing-right-large:7.68%;--awb-margin-bottom-large:20px;--awb-spacing-left-large:7.68%;--awb-width-medium:100%;--awb-spacing-right-medium:1.92%;--awb-spacing-left-medium:1.92%;--awb-width-small:100%;--awb-spacing-right-small:1.92%;--awb-spacing-left-small:1.92%;\"><div class=\"fusion-column-wrapper fusion-column-has-shadow fusion-flex-justify-content-flex-start fusion-content-layout-column\"><\/div><\/div><div class=\"fusion-layout-column fusion_builder_column fusion-builder-column-7 fusion_builder_column_1_2 1_2 fusion-flex-column\" style=\"--awb-padding-right:20px;--awb-padding-left:20px;--awb-bg-size:cover;--awb-width-large:50%;--awb-margin-top-large:0px;--awb-spacing-right-large:3.84%;--awb-margin-bottom-large:20px;--awb-spacing-left-large:3.84%;--awb-width-medium:100%;--awb-spacing-right-medium:1.92%;--awb-spacing-left-medium:1.92%;--awb-width-small:100%;--awb-spacing-right-small:1.92%;--awb-spacing-left-small:1.92%;\"><div class=\"fusion-column-wrapper fusion-column-has-shadow fusion-flex-justify-content-flex-start fusion-content-layout-column\"><div class=\"fusion-form fusion-form-builder fusion-form-form-wrapper fusion-form-2943\" style=\"--awb-tooltip-text-color:#ffffff;--awb-tooltip-background-color:#333333;--awb-form-placeholder-color:rgba(71,71,71,0.5);--awb-form-text-color:#474747;\" data-form-id=\"2943\" data-config=\"{&quot;form_id&quot;:2943,&quot;form_post_id&quot;:2943,&quot;post_id&quot;:2314,&quot;form_type&quot;:&quot;ajax&quot;,&quot;confirmation_type&quot;:&quot;message&quot;,&quot;redirect_url&quot;:&quot;&quot;,&quot;field_labels&quot;:{&quot;name&quot;:&quot;&quot;,&quot;email_address&quot;:&quot;&quot;,&quot;telephone&quot;:&quot;&quot;,&quot;subject&quot;:&quot;&quot;,&quot;message&quot;:&quot;&quot;,&quot;&quot;:&quot;&quot;},&quot;field_logics&quot;:{&quot;name&quot;:&quot;&quot;,&quot;email_address&quot;:&quot;&quot;,&quot;telephone&quot;:&quot;&quot;,&quot;subject&quot;:&quot;&quot;,&quot;message&quot;:&quot;&quot;,&quot;notice_1&quot;:&quot;&quot;,&quot;&quot;:&quot;&quot;},&quot;field_types&quot;:{&quot;name&quot;:&quot;text&quot;,&quot;email_address&quot;:&quot;email&quot;,&quot;telephone&quot;:&quot;phone_number&quot;,&quot;subject&quot;:&quot;text&quot;,&quot;message&quot;:&quot;textarea&quot;,&quot;notice_1&quot;:&quot;notice&quot;,&quot;&quot;:&quot;checkbox&quot;,&quot;recaptcha_1&quot;:&quot;recaptcha&quot;,&quot;submit_1&quot;:&quot;submit&quot;},&quot;nonce_method&quot;:&quot;ajax&quot;}\"><form action=\"https:\/\/almarlawyers.com\/de\/kontakt\/\" method=\"post\" class=\"fusion-form fusion-form-2943\"><div class=\"fusion-fullwidth fullwidth-box fusion-builder-row-3-1 fusion-flex-container nonhundred-percent-fullwidth non-hundred-percent-height-scrolling\" style=\"--awb-border-radius-top-left:0px;--awb-border-radius-top-right:0px;--awb-border-radius-bottom-right:0px;--awb-border-radius-bottom-left:0px;--awb-flex-wrap:wrap;\" ><div class=\"fusion-builder-row fusion-row fusion-flex-align-items-flex-start fusion-flex-content-wrap\" style=\"width:103% !important;max-width:103% !important;margin-left: calc(-3% \/ 2 );margin-right: calc(-3% \/ 2 );\"><div class=\"fusion-layout-column fusion_builder_column fusion-builder-column-8 fusion_builder_column_1_1 1_1 fusion-flex-column\" style=\"--awb-bg-size:cover;--awb-width-large:100%;--awb-margin-top-large:0px;--awb-spacing-right-large:1.455%;--awb-margin-bottom-large:0px;--awb-spacing-left-large:1.455%;--awb-width-medium:100%;--awb-order-medium:0;--awb-spacing-right-medium:1.455%;--awb-spacing-left-medium:1.455%;--awb-width-small:100%;--awb-order-small:0;--awb-spacing-right-small:1.455%;--awb-spacing-left-small:1.455%;\"><div class=\"fusion-column-wrapper fusion-column-has-shadow fusion-flex-justify-content-flex-start fusion-content-layout-column\"><div class=\"fusion-form-field fusion-form-text-field fusion-form-label-above\" style=\"\" data-form-id=\"2943\"><input type=\"text\" autocomplete=\"off\" name=\"name\" id=\"name\" value=\"\"  class=\"fusion-form-input\" required=\"true\" aria-required=\"true\" placeholder=\"Name *\" data-holds-private-data=\"false\" minlength=\"0\"\/><\/div><div class=\"fusion-form-field fusion-form-email-field fusion-form-label-above\" style=\"\" data-form-id=\"2943\"><input type=\"email\" autocomplete=\"off\" name=\"email_address\" id=\"email_address\" value=\"\"  class=\"fusion-form-input\" required=\"true\" aria-required=\"true\" placeholder=\"E-Mail-Adresse *\" data-holds-private-data=\"false\"\/><\/div><div class=\"fusion-form-field fusion-form-phone-number-field fusion-form-label-above\" style=\"\" data-form-id=\"2943\"><input type=\"tel\" autocomplete=\"off\" name=\"telephone\" id=\"telephone\" value=\"\"  class=\"fusion-form-input\" required=\"true\" aria-required=\"true\" placeholder=\"Telefon *\" data-holds-private-data=\"false\"\/><\/div><div class=\"fusion-form-field fusion-form-text-field fusion-form-label-above\" style=\"\" data-form-id=\"2943\"><input type=\"text\" autocomplete=\"off\" name=\"subject\" id=\"subject\" value=\"\"  class=\"fusion-form-input\" placeholder=\"Betreff \" data-holds-private-data=\"false\" minlength=\"0\"\/><\/div><div class=\"fusion-form-field fusion-form-textarea-field fusion-form-label-above\" style=\"\" data-form-id=\"2943\"><textarea cols=\"40\" autocomplete=\"off\"  minlength=\"0\"  rows=\"4\" tabindex=\"\" id=\"message\" name=\"message\" class=\"fusion-form-input\" required=\"true\" aria-required=\"true\" placeholder=\"Nachricht *\" data-holds-private-data=\"false\"><\/textarea><\/div><div class=\"form-submission-notices data-notice_1\" id=\"fusion-notices-1\"><div class=\"fusion-alert alert success alert-success fusion-alert-center fusion-form-response fusion-form-response-success awb-alert-native-link-color alert-dismissable awb-alert-close-boxed\" role=\"alert\"><div class=\"fusion-alert-content-wrapper\"><span class=\"alert-icon\"><i class=\"awb-icon-check-circle\" aria-hidden=\"true\"><\/i><\/span><span class=\"fusion-alert-content\">Thank you for your message. It has been sent.<\/span><\/div><button type=\"button\" class=\"close toggle-alert\" data-dismiss=\"alert\" aria-label=\"Close\">&times;<\/button><\/div><div class=\"fusion-alert alert error alert-danger fusion-alert-center fusion-form-response fusion-form-response-error awb-alert-native-link-color alert-dismissable awb-alert-close-boxed\" role=\"alert\"><div class=\"fusion-alert-content-wrapper\"><span class=\"alert-icon\"><i class=\"awb-icon-exclamation-triangle\" aria-hidden=\"true\"><\/i><\/span><span class=\"fusion-alert-content\">Beim Senden Ihrer Nachricht ist ein Fehler aufgetreten. Bitte versuchen Sie es sp\u00e4ter noch einmal.<\/span><\/div><button type=\"button\" class=\"close toggle-alert\" data-dismiss=\"alert\" aria-label=\"Close\">&times;<\/button><\/div><\/div><div class=\"fusion-form-field fusion-form-checkbox-field fusion-form-label-above\" style=\"\" data-form-id=\"2943\"><fieldset><div class=\"fusion-form-checkbox\"><input tabindex=\"\" id=\"checkbox--1-0\" type=\"checkbox\" value=\"By sending the form I accept the privacy policy\" name=\"[]\" class=\"fusion-form-input\" data-holds-private-data=\"false\"\/><label for=\"checkbox--1-0\">By sending the form I accept the privacy policy<\/label><\/div><\/fieldset><\/div><div class=\"fusion-text fusion-text-8\"><p><a href=\"https:\/\/almarlawyers.com\/privacy-policy\"><strong>\u00a0privacy policy\u00a0<\/strong><\/a><\/p>\n<\/div>\n<div class=\"fusion-form-field fusion-form-recaptcha-field fusion-form-label-above\" style=\"\" data-form-id=\"2943\">\t\t\t\t<div class=\"form-creator-recaptcha\" >\n\t\t\t\t\t\t\t\t\t\t\t\t\t\t<div class=\"fusion-form-recaptcha-wrapper\">\n\t\t\t\t\t<div\n\t\t\t\t\t\tid=\"g-recaptcha-id-form-2943\"\n\t\t\t\t\t\tclass=\"awb-recaptcha-v2 fusion-form-recaptcha-v2\"\n\t\t\t\t\t\tdata-theme=\"light\"\n\t\t\t\t\t\tdata-sitekey=\"6LfpTU0qAAAAAH2HTBSg5VNcOk3A8Uuirm289bH8\"\n\t\t\t\t\t\tdata-tabindex=\"\">\n\t\t\t\t\t<\/div>\n\t\t\t\t<\/div>\n\t\t\t\t\t\t\t\t\t\t\t<\/div>\n\t\t\t\t<\/div><div class=\"fusion-form-field fusion-form-submit-field fusion-form-label-above\" style=\"\" data-form-id=\"2943\"><div style=\"text-align:center;\"><button type=\"submit\" class=\"fusion-button button-flat fusion-button-default-size button-default fusion-button-default button-1 fusion-button-default-span  form-form-submit button-default\" data-form-number=\"2943\" tabindex=\"\"><span class=\"fusion-button-text awb-button__text awb-button__text--default\">Senden<\/span><\/button><\/div><\/div><\/div><\/div><\/div><\/div><input type=\"hidden\" name=\"fusion_privacy_store_ip_ua\" value=\"true\"><input type=\"hidden\" name=\"fusion_privacy_expiration_interval\" value=\"48\"><input type=\"hidden\" name=\"privacy_expiration_action\" value=\"anonymize\"><\/form><\/div><\/div><\/div><div class=\"fusion-layout-column fusion_builder_column fusion-builder-column-9 fusion_builder_column_1_4 1_4 fusion-flex-column\" style=\"--awb-bg-size:cover;--awb-width-large:25%;--awb-margin-top-large:0px;--awb-spacing-right-large:7.68%;--awb-margin-bottom-large:20px;--awb-spacing-left-large:7.68%;--awb-width-medium:100%;--awb-spacing-right-medium:1.92%;--awb-spacing-left-medium:1.92%;--awb-width-small:100%;--awb-spacing-right-small:1.92%;--awb-spacing-left-small:1.92%;\"><div class=\"fusion-column-wrapper fusion-column-has-shadow fusion-flex-justify-content-flex-start fusion-content-layout-column\"><\/div><\/div><\/div><\/div><\/p>\n","protected":false},"excerpt":{"rendered":"","protected":false},"author":1,"featured_media":0,"parent":0,"menu_order":0,"comment_status":"closed","ping_status":"closed","template":"100-width.php","meta":{"footnotes":""},"class_list":["post-2314","page","type-page","status-publish","hentry"],"yoast_head":"<!-- This site is optimized with the Yoast SEO plugin v26.1.1 - https:\/\/yoast.com\/wordpress\/plugins\/seo\/ -->\n<title>Kontakt - Almar Lawyers<\/title>\n<meta name=\"robots\" content=\"index, follow, max-snippet:-1, max-image-preview:large, max-video-preview:-1\" \/>\n<link rel=\"canonical\" href=\"https:\/\/almarlawyers.com\/contact-almar-lawyers-ibiza\/\" \/>\n<meta property=\"og:locale\" content=\"de_DE\" \/>\n<meta property=\"og:type\" content=\"article\" \/>\n<meta property=\"og:title\" content=\"Kontakt - Almar Lawyers\" \/>\n<meta property=\"og:url\" content=\"https:\/\/almarlawyers.com\/contact-almar-lawyers-ibiza\/\" \/>\n<meta property=\"og:site_name\" content=\"Almar Lawyers\" \/>\n<meta property=\"article:modified_time\" content=\"2022-01-18T14:20:07+00:00\" \/>\n<meta name=\"twitter:card\" content=\"summary_large_image\" \/>\n<meta name=\"twitter:label1\" content=\"Gesch\u00e4tzte Lesezeit\" \/>\n\t<meta name=\"twitter:data1\" content=\"10\u00a0Minuten\" \/>\n<script type=\"application\/ld+json\" class=\"yoast-schema-graph\">{\"@context\":\"https:\/\/schema.org\",\"@graph\":[{\"@type\":\"WebPage\",\"@id\":\"https:\/\/almarlawyers.com\/contact-almar-lawyers-ibiza\/\",\"url\":\"https:\/\/almarlawyers.com\/contact-almar-lawyers-ibiza\/\",\"name\":\"Kontakt - Almar Lawyers\",\"isPartOf\":{\"@id\":\"https:\/\/almarlawyers.com\/ca\/#website\"},\"datePublished\":\"2020-06-26T13:36:29+00:00\",\"dateModified\":\"2022-01-18T14:20:07+00:00\",\"breadcrumb\":{\"@id\":\"https:\/\/almarlawyers.com\/contact-almar-lawyers-ibiza\/#breadcrumb\"},\"inLanguage\":\"de\",\"potentialAction\":[{\"@type\":\"ReadAction\",\"target\":[\"https:\/\/almarlawyers.com\/contact-almar-lawyers-ibiza\/\"]}]},{\"@type\":\"BreadcrumbList\",\"@id\":\"https:\/\/almarlawyers.com\/contact-almar-lawyers-ibiza\/#breadcrumb\",\"itemListElement\":[{\"@type\":\"ListItem\",\"position\":1,\"name\":\"Home\",\"item\":\"https:\/\/almarlawyers.com\/de\/\"},{\"@type\":\"ListItem\",\"position\":2,\"name\":\"Kontakt\"}]},{\"@type\":\"WebSite\",\"@id\":\"https:\/\/almarlawyers.com\/ca\/#website\",\"url\":\"https:\/\/almarlawyers.com\/ca\/\",\"name\":\"Almar Lawyers\",\"description\":\"Your Lawyers in Ibiza\",\"publisher\":{\"@id\":\"https:\/\/almarlawyers.com\/ca\/#organization\"},\"potentialAction\":[{\"@type\":\"SearchAction\",\"target\":{\"@type\":\"EntryPoint\",\"urlTemplate\":\"https:\/\/almarlawyers.com\/ca\/?s={search_term_string}\"},\"query-input\":{\"@type\":\"PropertyValueSpecification\",\"valueRequired\":true,\"valueName\":\"search_term_string\"}}],\"inLanguage\":\"de\"},{\"@type\":\"Organization\",\"@id\":\"https:\/\/almarlawyers.com\/ca\/#organization\",\"name\":\"Almar Lawyers\",\"url\":\"https:\/\/almarlawyers.com\/ca\/\",\"logo\":{\"@type\":\"ImageObject\",\"inLanguage\":\"de\",\"@id\":\"https:\/\/almarlawyers.com\/ca\/#\/schema\/logo\/image\/\",\"url\":\"https:\/\/almarlawyers.com\/wp-content\/uploads\/2020\/07\/ALMAR-logo-Circle.png\",\"contentUrl\":\"https:\/\/almarlawyers.com\/wp-content\/uploads\/2020\/07\/ALMAR-logo-Circle.png\",\"width\":73,\"height\":70,\"caption\":\"Almar Lawyers\"},\"image\":{\"@id\":\"https:\/\/almarlawyers.com\/ca\/#\/schema\/logo\/image\/\"},\"sameAs\":[\"https:\/\/www.instagram.com\/almarlawyers\/\",\"https:\/\/www.linkedin.com\/company\/almarlawyers\/\"]}]}<\/script>\n<!-- \/ Yoast SEO plugin. -->","yoast_head_json":{"title":"Kontakt - Almar Lawyers","robots":{"index":"index","follow":"follow","max-snippet":"max-snippet:-1","max-image-preview":"max-image-preview:large","max-video-preview":"max-video-preview:-1"},"canonical":"https:\/\/almarlawyers.com\/contact-almar-lawyers-ibiza\/","og_locale":"de_DE","og_type":"article","og_title":"Kontakt - Almar Lawyers","og_url":"https:\/\/almarlawyers.com\/contact-almar-lawyers-ibiza\/","og_site_name":"Almar Lawyers","article_modified_time":"2022-01-18T14:20:07+00:00","twitter_card":"summary_large_image","twitter_misc":{"Gesch\u00e4tzte Lesezeit":"10\u00a0Minuten"},"schema":{"@context":"https:\/\/schema.org","@graph":[{"@type":"WebPage","@id":"https:\/\/almarlawyers.com\/contact-almar-lawyers-ibiza\/","url":"https:\/\/almarlawyers.com\/contact-almar-lawyers-ibiza\/","name":"Kontakt - Almar Lawyers","isPartOf":{"@id":"https:\/\/almarlawyers.com\/ca\/#website"},"datePublished":"2020-06-26T13:36:29+00:00","dateModified":"2022-01-18T14:20:07+00:00","breadcrumb":{"@id":"https:\/\/almarlawyers.com\/contact-almar-lawyers-ibiza\/#breadcrumb"},"inLanguage":"de","potentialAction":[{"@type":"ReadAction","target":["https:\/\/almarlawyers.com\/contact-almar-lawyers-ibiza\/"]}]},{"@type":"BreadcrumbList","@id":"https:\/\/almarlawyers.com\/contact-almar-lawyers-ibiza\/#breadcrumb","itemListElement":[{"@type":"ListItem","position":1,"name":"Home","item":"https:\/\/almarlawyers.com\/de\/"},{"@type":"ListItem","position":2,"name":"Kontakt"}]},{"@type":"WebSite","@id":"https:\/\/almarlawyers.com\/ca\/#website","url":"https:\/\/almarlawyers.com\/ca\/","name":"Almar Lawyers","description":"Your Lawyers in Ibiza","publisher":{"@id":"https:\/\/almarlawyers.com\/ca\/#organization"},"potentialAction":[{"@type":"SearchAction","target":{"@type":"EntryPoint","urlTemplate":"https:\/\/almarlawyers.com\/ca\/?s={search_term_string}"},"query-input":{"@type":"PropertyValueSpecification","valueRequired":true,"valueName":"search_term_string"}}],"inLanguage":"de"},{"@type":"Organization","@id":"https:\/\/almarlawyers.com\/ca\/#organization","name":"Almar Lawyers","url":"https:\/\/almarlawyers.com\/ca\/","logo":{"@type":"ImageObject","inLanguage":"de","@id":"https:\/\/almarlawyers.com\/ca\/#\/schema\/logo\/image\/","url":"https:\/\/almarlawyers.com\/wp-content\/uploads\/2020\/07\/ALMAR-logo-Circle.png","contentUrl":"https:\/\/almarlawyers.com\/wp-content\/uploads\/2020\/07\/ALMAR-logo-Circle.png","width":73,"height":70,"caption":"Almar Lawyers"},"image":{"@id":"https:\/\/almarlawyers.com\/ca\/#\/schema\/logo\/image\/"},"sameAs":["https:\/\/www.instagram.com\/almarlawyers\/","https:\/\/www.linkedin.com\/company\/almarlawyers\/"]}]}},"_links":{"self":[{"href":"https:\/\/almarlawyers.com\/de\/wp-json\/wp\/v2\/pages\/2314","targetHints":{"allow":["GET"]}}],"collection":[{"href":"https:\/\/almarlawyers.com\/de\/wp-json\/wp\/v2\/pages"}],"about":[{"href":"https:\/\/almarlawyers.com\/de\/wp-json\/wp\/v2\/types\/page"}],"author":[{"embeddable":true,"href":"https:\/\/almarlawyers.com\/de\/wp-json\/wp\/v2\/users\/1"}],"replies":[{"embeddable":true,"href":"https:\/\/almarlawyers.com\/de\/wp-json\/wp\/v2\/comments?post=2314"}],"version-history":[{"count":7,"href":"https:\/\/almarlawyers.com\/de\/wp-json\/wp\/v2\/pages\/2314\/revisions"}],"predecessor-version":[{"id":3201,"href":"https:\/\/almarlawyers.com\/de\/wp-json\/wp\/v2\/pages\/2314\/revisions\/3201"}],"wp:attachment":[{"href":"https:\/\/almarlawyers.com\/de\/wp-json\/wp\/v2\/media?parent=2314"}],"curies":[{"name":"wp","href":"https:\/\/api.w.org\/{rel}","templated":true}]}}