{"id":3704,"date":"2024-07-19T08:25:15","date_gmt":"2024-07-19T08:25:15","guid":{"rendered":"https:\/\/almarlawyers.com\/politica-cookies"},"modified":"2025-08-03T08:54:00","modified_gmt":"2025-08-03T08:54:00","slug":"politica-cookies","status":"publish","type":"page","link":"https:\/\/almarlawyers.com\/ca\/politica-cookies\/","title":{"rendered":"Pol\u00edtica de Cookies"},"content":{"rendered":"<p><div class=\"fusion-fullwidth fullwidth-box fusion-builder-row-1 fusion-parallax-none nonhundred-percent-fullwidth non-hundred-percent-height-scrolling lazyload\" style=\"--awb-border-radius-top-left:0px;--awb-border-radius-top-right:0px;--awb-border-radius-bottom-right:0px;--awb-border-radius-bottom-left:0px;--awb-padding-top:90px;--awb-padding-right:0px;--awb-padding-bottom:90px;--awb-padding-left:0px;--awb-background-size:cover;--awb-flex-wrap:wrap;\" data-bg=\"https:\/\/almarlawyers.com\/wp-content\/uploads\/2021\/02\/Almar-Lawyers-Contact-Page-1024x347.jpg\" ><div class=\"fusion-builder-row fusion-row\"><div class=\"fusion-layout-column fusion_builder_column fusion-builder-column-0 fusion_builder_column_1_1 1_1 fusion-one-full fusion-column-first fusion-column-last\" style=\"--awb-bg-size:cover;\"><div class=\"fusion-column-wrapper fusion-column-has-shadow fusion-flex-column-wrapper-legacy\"><div class=\"fusion-column-content-centered\"><div class=\"fusion-column-content\"><div class=\"fusion-title title fusion-title-1 fusion-sep-none fusion-title-text fusion-title-size-one\" style=\"--awb-margin-bottom:0px;\"><h1 class=\"fusion-title-heading title-heading-left\" style=\"margin:0;\"><p style=\"text-align: center;\"><span style=\"color: #2b7d93;\"><span style=\"vertical-align: inherit;\"><span style=\"vertical-align: inherit;\">Pol\u00edtica de Cookies<\/span><\/span><\/span><\/p><\/h1><\/div><\/div><\/div><div class=\"fusion-clearfix\"><\/div><\/div><\/div><\/div><\/div><div class=\"fusion-fullwidth fullwidth-box fusion-builder-row-2 fusion-flex-container nonhundred-percent-fullwidth non-hundred-percent-height-scrolling\" style=\"--awb-border-radius-top-left:0px;--awb-border-radius-top-right:0px;--awb-border-radius-bottom-right:0px;--awb-border-radius-bottom-left:0px;--awb-padding-right:10%;--awb-padding-left:10%;--awb-margin-top:5%;--awb-flex-wrap:wrap;\" ><div class=\"fusion-builder-row fusion-row fusion-flex-align-items-flex-start fusion-flex-content-wrap\" style=\"max-width:1248px;margin-left: calc(-4% \/ 2 );margin-right: calc(-4% \/ 2 );\"><div class=\"fusion-layout-column fusion_builder_column fusion-builder-column-1 fusion_builder_column_1_1 1_1 fusion-flex-column\" style=\"--awb-bg-size:cover;--awb-width-large:100%;--awb-margin-top-large:0px;--awb-spacing-right-large:1.92%;--awb-margin-bottom-large:20px;--awb-spacing-left-large:1.92%;--awb-width-medium:100%;--awb-order-medium:0;--awb-spacing-right-medium:1.92%;--awb-spacing-left-medium:1.92%;--awb-width-small:100%;--awb-order-small:0;--awb-spacing-right-small:1.92%;--awb-spacing-left-small:1.92%;\"><div class=\"fusion-column-wrapper fusion-column-has-shadow fusion-flex-justify-content-flex-start fusion-content-layout-column\"><div class=\"fusion-text fusion-text-1\"><p><b>POL\u00cdTICA DE COOKIES<\/b><\/p>\n<p><span style=\"font-weight: 400;\">Conforme a lo dispuesto en el art\u00edculo 22.2 de la Ley 34\/2002, de 11 de julio, de Servicios de la Sociedad de la Informaci\u00f3n y de Comercio Electr\u00f3nico (LSSI-CE) vigente, NADINE SCHROEDER y ALEJANDRO BONET TEMPLETON debe cumplir con la obligaci\u00f3n de informar sobre las cookies que utiliza y sus finalidades.\u00a0<\/span><\/p>\n<p><span style=\"font-weight: 400;\">Este sitio web utiliza cookies y\/o tecnolog\u00edas similares que almacenan y recuperan informaci\u00f3n cuando navegas. Las cookies permiten a una p\u00e1gina web, entre otras cosas, almacenar y recuperar informaci\u00f3n sobre los h\u00e1bitos de navegaci\u00f3n de un Usuario o de su equipo y, dependiendo de la informaci\u00f3n que contenga y de la forma en que utilice su equipo, pueden utilizarse para reconocer al Usuario.\u00a0<\/span><\/p>\n<p><span style=\"font-weight: 400;\">Las cookies son esenciales para el funcionamiento de internet, aportando innumerables ventajas en la prestaci\u00f3n de servicios interactivos, facilitando al Usuario la navegaci\u00f3n y usabilidad de nuestra web.\u00a0<\/span><\/p>\n<p><span style=\"font-weight: 400;\">El usuario puede modificar la configuraci\u00f3n personalizada AQU\u00cd.<\/span><\/p>\n<p><span style=\"font-weight: 400;\">La informaci\u00f3n que le proporcionamos a continuaci\u00f3n le ayudar\u00e1 a comprender los diferentes tipos de cookies:<\/span><\/p>\n<table>\n<tbody>\n<tr>\n<td colspan=\"3\"><span style=\"font-weight: 400;\">TIPOS DE COOKIES<\/span><\/td>\n<\/tr>\n<tr>\n<td rowspan=\"2\"><span style=\"font-weight: 400;\">SEG\u00daN LA ENTIDAD QUE LAS GESTIONE<\/span><\/td>\n<td><span style=\"font-weight: 400;\">COOKIES PROPIAS<\/span><\/td>\n<td><span style=\"font-weight: 400;\">Son aquellas que se env\u00edan al equipo terminal del usuario desde un equipo o dominio gestionado por el propio editor y desde el que se presta el servicio solicitado por el usuario.<\/span><\/td>\n<\/tr>\n<tr>\n<td><span style=\"font-weight: 400;\">COOKIES DE TERCERO<\/span><\/td>\n<td><span style=\"font-weight: 400;\">Son aquellas que se env\u00edan al equipo terminal del usuario desde un equipo o dominio que no es gestionado por el editor, sino por otra entidad que trata los datos obtenidos a trav\u00e9s de las cookies.<\/span><\/td>\n<\/tr>\n<tr>\n<td rowspan=\"2\"><span style=\"font-weight: 400;\">SEG\u00daN EL PLAZO DE TIEMPO QUE PERMANEZCAN ACTIVADAS<\/span><\/td>\n<td><span style=\"font-weight: 400;\">COOKIES DE SESI\u00d3N<\/span><\/td>\n<td><span style=\"font-weight: 400;\">Son aquellas dise\u00f1adas para recabar y almacenar datos mientras el usuario accede a una p\u00e1gina web. Se suelen emplear para almacenar informaci\u00f3n que solo interesa conservar para la prestaci\u00f3n del servicio solicitado por el usuario en una sola ocasi\u00f3n (por ejemplo, una lista de productos adquiridos) y desaparecen al terminar la sesi\u00f3n.<\/span><\/td>\n<\/tr>\n<tr>\n<td><span style=\"font-weight: 400;\">COOKIES PERSISTENTES<\/span><\/td>\n<td><span style=\"font-weight: 400;\">Son aquellas en las que los datos siguen almacenados en el terminal y pueden ser accedidos y tratados durante un periodo definido por el responsable de la cookie, y que puede ir de unos minutos a varios a\u00f1os.<\/span><\/td>\n<\/tr>\n<tr>\n<td rowspan=\"5\"><span style=\"font-weight: 400;\">SEG\u00daN SU FINALIDAD<\/span><\/td>\n<td><span style=\"font-weight: 400;\">COOKIES T\u00c9CNICAS<\/span><\/td>\n<td><span style=\"font-weight: 400;\">Son aquellas que permiten al usuario la navegaci\u00f3n a trav\u00e9s de una p\u00e1gina web, plataforma o aplicaci\u00f3n y la utilizaci\u00f3n de las diferentes opciones o servicios que en ella existan<\/span><\/td>\n<\/tr>\n<tr>\n<td><span style=\"font-weight: 400;\">COOKIES DE PERSONALIZACI\u00d3N<\/span><\/td>\n<td><span style=\"font-weight: 400;\">Permiten aplicar caracter\u00edsticas propias para la navegaci\u00f3n del usuario por el website (Ej. idioma).<\/span><\/td>\n<\/tr>\n<tr>\n<td><span style=\"font-weight: 400;\">COOKIES DE AN\u00c1LISIS<\/span><\/td>\n<td><span style=\"font-weight: 400;\">Son aquellas que permiten al responsable de estas el seguimiento y an\u00e1lisis del comportamiento de los usuarios de los sitios web a los que est\u00e1n vinculadas, incluida la cuantificaci\u00f3n de los impactos de los anuncios. La informaci\u00f3n recogida mediante este tipo de cookies se utiliza en la medici\u00f3n de la actividad de los sitios web, aplicaci\u00f3n o plataforma, con el fin de introducir mejoras en funci\u00f3n del an\u00e1lisis de los datos de uso que hacen los usuarios<\/span><\/p>\n<p><span style=\"font-weight: 400;\">del servicio.<\/span><\/td>\n<\/tr>\n<tr>\n<td><span style=\"font-weight: 400;\">COOKIES PUBLICITARIAS<\/span><\/td>\n<td><span style=\"font-weight: 400;\">Permiten al editor incluir en la p\u00e1gina web espacios publicitarios, seg\u00fan el contenido de la propia web.<\/span><\/td>\n<\/tr>\n<tr>\n<td><span style=\"font-weight: 400;\">COOKIES DE PUBLICIDAD COMPORTAMENTAL<\/span><\/td>\n<td><span style=\"font-weight: 400;\">Son aquellas que almacenan informaci\u00f3n del comportamiento de los usuarios obtenida a trav\u00e9s de la observaci\u00f3n continuada de sus h\u00e1bitos de navegaci\u00f3n, lo que permite desarrollar un perfil espec\u00edfico para mostrar publicidad en funci\u00f3n del mismo.<\/span><\/td>\n<\/tr>\n<\/tbody>\n<\/table>\n<p><span style=\"font-weight: 400;\">Adicionalmente, NADINE SCHROEDER y ALEJANDRO BONET TEMPLETON informa de manera m\u00e1s detallada de las cookies que utiliza sus titulares, el uso o finalidad concreta, los plazos de conservaci\u00f3n, as\u00ed como de las posibles Transferencias Internacionales de datos de cada una de ellas utilizadas en nuestra p\u00e1gina web:<\/span><\/p>\n<table>\n<tbody>\n<tr>\n<td colspan=\"5\"><span style=\"font-weight: 400;\">COOKIES PROPIAS Y DE TERCEROS<\/span><\/td>\n<\/tr>\n<tr>\n<td><span style=\"font-weight: 400;\">Tipo\u00a0<\/span><\/td>\n<td><span style=\"font-weight: 400;\">Titular<\/span><\/td>\n<td><span style=\"font-weight: 400;\">Cookie\u00a0<\/span><\/td>\n<td><span style=\"font-weight: 400;\">Finalidad\u00a0<\/span><\/td>\n<td><span style=\"font-weight: 400;\">Conservaci\u00f3n<\/span><\/td>\n<\/tr>\n<tr>\n<td rowspan=\"10\"><span style=\"font-weight: 400;\">T\u00e9cnicas<\/span><\/td>\n<td rowspan=\"10\"><span style=\"font-weight: 400;\">Propias<\/span><\/td>\n<td><span style=\"font-weight: 400;\">_cfduid<\/span><\/td>\n<td><span style=\"font-weight: 400;\">Cookie t\u00e9cnica utilizada para identificar tr\u00e1fico web seguro<\/span><\/td>\n<td><span style=\"font-weight: 400;\">1 a\u00f1o<\/span><\/td>\n<\/tr>\n<tr>\n<td><span style=\"font-weight: 400;\">wordpress_test_cookie<\/span><\/td>\n<td><span style=\"font-weight: 400;\">Verifica si el navegador acepta cookies<\/span><\/td>\n<td><span style=\"font-weight: 400;\">Sesi\u00f3n<\/span><\/td>\n<\/tr>\n<tr>\n<td><span style=\"font-weight: 400;\">PHPSESSID<\/span><\/td>\n<td><span style=\"font-weight: 400;\">Identificar la sesi\u00f3n de usuario<\/span><\/td>\n<td><span style=\"font-weight: 400;\">Sesi\u00f3n<\/span><\/td>\n<\/tr>\n<tr>\n<td><span style=\"font-weight: 400;\">_cfduid<\/span><\/td>\n<td><span style=\"font-weight: 400;\">Identificar tr\u00e1fico web seguro<\/span><\/td>\n<td><span style=\"font-weight: 400;\">1 a\u00f1o<\/span><\/td>\n<\/tr>\n<tr>\n<td><span style=\"font-weight: 400;\">wp-settings-<\/span><\/td>\n<td><span style=\"font-weight: 400;\">Configuraci\u00f3n de usuario para administraci\u00f3n del sitio<\/span><\/td>\n<td><span style=\"font-weight: 400;\">1 a\u00f1o<\/span><\/td>\n<\/tr>\n<tr>\n<td><span style=\"font-weight: 400;\">mcfw-wp-user-cache<\/span><\/td>\n<td><span style=\"font-weight: 400;\">Cacheo del contenido para usuarios de WordPress<\/span><\/td>\n<td><span style=\"font-weight: 400;\">Sesi\u00f3n<\/span><\/td>\n<\/tr>\n<tr>\n<td><span style=\"font-weight: 400;\">mcfw-bypass-cache<\/span><\/td>\n<td><span style=\"font-weight: 400;\">Verificar si se debe evitar la cach\u00e9<\/span><\/td>\n<td><span style=\"font-weight: 400;\">Sesi\u00f3n<\/span><\/td>\n<\/tr>\n<tr>\n<td><span style=\"font-weight: 400;\">wordpress_sec_{hash}<\/span><\/td>\n<td><span style=\"font-weight: 400;\">Seguridad y validaci\u00f3n de sesi\u00f3n en WordPress<\/span><\/td>\n<td><span style=\"font-weight: 400;\">Sesi\u00f3n<\/span><\/td>\n<\/tr>\n<tr>\n<td><span style=\"font-weight: 400;\">wp-settings-1<\/span><\/td>\n<td><span style=\"font-weight: 400;\">Personalizaci\u00f3n de la interfaz del usuario en WordPress<\/span><\/td>\n<td><span style=\"font-weight: 400;\">2 a\u00f1os<\/span><\/td>\n<\/tr>\n<tr>\n<td><span style=\"font-weight: 400;\">wp-settings-time-1<\/span><\/td>\n<td><span style=\"font-weight: 400;\">Marca temporal para wp-settings-1<\/span><\/td>\n<td><span style=\"font-weight: 400;\">2 a\u00f1os<\/span><\/td>\n<\/tr>\n<tr>\n<td><span style=\"font-weight: 400;\">Personalizaci\u00f3n<\/span><\/td>\n<td><span style=\"font-weight: 400;\">Propias<\/span><\/td>\n<td><span style=\"font-weight: 400;\">wp_lang<\/span><\/td>\n<td><span style=\"font-weight: 400;\">Almacena la preferencia de idioma del usuario<\/span><\/td>\n<td><span style=\"font-weight: 400;\">Sesi\u00f3n<\/span><\/td>\n<\/tr>\n<tr>\n<td rowspan=\"2\"><span style=\"font-weight: 400;\">An\u00e1lisis<\/span><\/td>\n<td><span style=\"font-weight: 400;\">Google Analytics (Terceros)<\/span><\/td>\n<td><span style=\"font-weight: 400;\">_ga<\/span><\/td>\n<td><span style=\"font-weight: 400;\">Analiza la interacci\u00f3n del usuario con la web para mejorar la experiencia<\/span><\/td>\n<td><span style=\"font-weight: 400;\">2 a\u00f1os<\/span><\/td>\n<\/tr>\n<tr>\n<td><span style=\"font-weight: 400;\">Google Analytics (Terceros)<\/span><\/td>\n<td><span style=\"font-weight: 400;\">_gid<\/span><\/td>\n<td><span style=\"font-weight: 400;\">Diferencia entre usuarios para an\u00e1lisis estad\u00edsticos<\/span><\/td>\n<td><span style=\"font-weight: 400;\">24 horas<\/span><\/td>\n<\/tr>\n<tr>\n<td rowspan=\"2\"><span style=\"font-weight: 400;\">Publicidad\/ Publicidad comportamental<\/span><\/td>\n<td><span style=\"font-weight: 400;\">Google (Terceros)<\/span><\/td>\n<td><span style=\"font-weight: 400;\">_gads<\/span><\/td>\n<td><span style=\"font-weight: 400;\">Mostrar anuncios relevantes a los intereses del usuario<\/span><\/td>\n<td><span style=\"font-weight: 400;\">13 meses<\/span><\/td>\n<\/tr>\n<tr>\n<td><span style=\"font-weight: 400;\">Google Ads (Terceros)<\/span><\/td>\n<td><span style=\"font-weight: 400;\">IDE<\/span><\/td>\n<td><span style=\"font-weight: 400;\">Publicidad personalizada seg\u00fan los intereses<\/span><\/td>\n<td><span style=\"font-weight: 400;\">13 meses<\/span><\/td>\n<\/tr>\n<\/tbody>\n<\/table>\n<p><span style=\"font-weight: 400;\">Puede informarse de las transferencias internacionales a terceros pa\u00edses que, en su caso, realizan los TERCEROS, identificados en esta pol\u00edtica de cookies, en sus correspondientes pol\u00edticas (hacer click encima del titular de la cookie).\u00a0<\/span><\/p>\n<p><span style=\"font-weight: 400;\">NADINE SCHROEDER Y ALEJANDRO BONET TEMPELTON informan de manera m\u00e1s exhaustiva la informaci\u00f3n relativa a las transferencias internacionales derivadas de la utilizaci\u00f3n de cookies propias:<\/span><\/p>\n<table>\n<tbody>\n<tr>\n<td colspan=\"4\"><span style=\"font-weight: 400;\">TRANSFERENCIAS INTERNACIONALES<\/span><\/td>\n<\/tr>\n<tr>\n<td><span style=\"font-weight: 400;\">Titular<\/span><\/td>\n<td><span style=\"font-weight: 400;\">Cookie<\/span><\/td>\n<td><span style=\"font-weight: 400;\">Pa\u00eds de la transferencia<\/span><\/td>\n<td><span style=\"font-weight: 400;\">R\u00e9gimen aplicado<\/span><\/td>\n<\/tr>\n<tr>\n<td><span style=\"font-weight: 400;\">Google Analytics<\/span><\/td>\n<td><span style=\"font-weight: 400;\">_ga, _gid<\/span><\/td>\n<td><span style=\"font-weight: 400;\">Estados Unidos<\/span><\/td>\n<td><span style=\"font-weight: 400;\">Cl\u00e1usulas contractuales tipo (SCC) aprobadas por la Comisi\u00f3n Europea para transferencias de datos fuera de la UE<\/span><\/td>\n<\/tr>\n<tr>\n<td><span style=\"font-weight: 400;\">Google Ads<\/span><\/td>\n<td><span style=\"font-weight: 400;\">_gads, IDE<\/span><\/td>\n<td><span style=\"font-weight: 400;\">Estados Unidos<\/span><\/td>\n<td><span style=\"font-weight: 400;\">Cl\u00e1usulas contractuales tipo (SCC) aprobadas por la Comisi\u00f3n Europea para transferencias de datos fuera de la UE<\/span><\/td>\n<\/tr>\n<\/tbody>\n<\/table>\n<p><span style=\"font-weight: 400;\">T\u00e9ngase en cuenta que, si acepta las cookies de terceros, deber\u00e1 eliminarlas desde las opciones del navegador o desde el sistema ofrecido por el propio tercero.<\/span><\/p>\n<p><span style=\"font-weight: 400;\">A continuaci\u00f3n, le proporcionamos los enlaces de diversos navegadores, a trav\u00e9s de los cuales podr\u00e1 modificar la configuraci\u00f3n de su navegador sobre el uso de cookies:\u00a0<\/span><\/p>\n<p><span style=\"font-weight: 400;\">Firefox: <\/span><a href=\"https:\/\/support.mozilla.org\/es\/kb\/cookies-informacion-que-los-sitios-web-guardan-en-\"><span style=\"font-weight: 400;\">https:\/\/support.mozilla.org\/es\/kb\/cookies-informacion-que-los-sitios-web-guardan-en-<\/span><\/a><span style=\"font-weight: 400;\">\u00a0\u00a0<\/span><\/p>\n<p><span style=\"font-weight: 400;\">Chrome: <\/span><a href=\"https:\/\/support.mozilla.org\/es\/kb\/cookies-informacion-que-los-sitios-web-guardan-en-\"><span style=\"font-weight: 400;\">https:\/\/support.mozilla.org\/es\/kb\/cookies-informacion-que-los-sitios-web-guardan-en-<\/span><\/a><span style=\"font-weight: 400;\">\u00a0<\/span><\/p>\n<p><span style=\"font-weight: 400;\">\u00a0<\/span><\/p>\n<p><span style=\"font-weight: 400;\">Internet Explorer: <\/span><a href=\"https:\/\/windows.microsoft.com\/es-es\/internet-explorer\/delete-manage-cookies#ie=ie-10\"><span style=\"font-weight: 400;\">https:\/\/windows.microsoft.com\/es-es\/internet-explorer\/delete-manage-cookies#ie=ie-10<\/span><\/a><span style=\"font-weight: 400;\">\u00a0\u00a0<\/span><\/p>\n<p><span style=\"font-weight: 400;\">Microsoft Edge: <\/span><a href=\"https:\/\/support.microsoft.com\/es-es\/microsoft-edge\/eliminar-las-cookies-en-microsoft-edge-63947406-40ac-c3b8-57b9-2a946a29ae09\"><span style=\"font-weight: 400;\">https:\/\/support.microsoft.com\/es-es\/microsoft-edge\/eliminar-las-cookies-en-microsoft-edge-63947406-40ac-c3b8-57b9-2a946a29ae09<\/span><\/a><span style=\"font-weight: 400;\">\u00a0\u00a0<\/span><\/p>\n<p><span style=\"font-weight: 400;\">Safari: <\/span><a href=\"https:\/\/support.apple.com\/kb\/ph17191?locale=es_ES\"><span style=\"font-weight: 400;\">https:\/\/support.apple.com\/kb\/ph17191?locale=es_ES<\/span><\/a><span style=\"font-weight: 400;\">\u00a0\u00a0<\/span><\/p>\n<p><span style=\"font-weight: 400;\">Opera: <\/span><a href=\"https:\/\/help.opera.com\/en\/latest\/web-preferences\/#cookies\"><span style=\"font-weight: 400;\">https:\/\/help.opera.com\/en\/latest\/web-preferences\/#cookies<\/span><\/a><\/p>\n<p><span style=\"font-weight: 400;\">Para conocer m\u00e1s informaci\u00f3n sobre el tratamiento de datos personales, le recomendamos visitar nuestro apartado \u201c<a href=\"https:\/\/almarlawyers.com\/ca\/politica-de-privacidad\/\">Pol\u00edtica de Privacidad<\/a>\u201d.<\/span><\/p>\n<\/div><div class=\"fusion-separator fusion-full-width-sep\" style=\"align-self: center;margin-left: auto;margin-right: auto;margin-bottom:5%;width:100%;\"><\/div><\/div><\/div><\/div><\/div><\/p>\n","protected":false},"excerpt":{"rendered":"","protected":false},"author":1,"featured_media":0,"parent":0,"menu_order":0,"comment_status":"closed","ping_status":"closed","template":"100-width.php","meta":{"footnotes":""},"class_list":["post-3704","page","type-page","status-publish","hentry"],"yoast_head":"<!-- This site is optimized with the Yoast SEO plugin v26.1.1 - https:\/\/yoast.com\/wordpress\/plugins\/seo\/ -->\n<title>Pol\u00edtica de Cookies - Almar Lawyers<\/title>\n<meta name=\"robots\" content=\"index, follow, max-snippet:-1, max-image-preview:large, max-video-preview:-1\" \/>\n<link rel=\"canonical\" href=\"https:\/\/almarlawyers.com\/ca\/politica-cookies\/\" \/>\n<meta property=\"og:locale\" content=\"ca_ES\" \/>\n<meta property=\"og:type\" content=\"article\" \/>\n<meta property=\"og:title\" content=\"Pol\u00edtica de Cookies - Almar Lawyers\" \/>\n<meta property=\"og:url\" content=\"https:\/\/almarlawyers.com\/ca\/politica-cookies\/\" \/>\n<meta property=\"og:site_name\" content=\"Almar Lawyers\" \/>\n<meta property=\"article:modified_time\" content=\"2025-08-03T08:54:00+00:00\" \/>\n<meta name=\"twitter:card\" content=\"summary_large_image\" \/>\n<meta name=\"twitter:label1\" content=\"Temps estimat de lectura\" \/>\n\t<meta name=\"twitter:data1\" content=\"6 minuts\" \/>\n<script type=\"application\/ld+json\" class=\"yoast-schema-graph\">{\"@context\":\"https:\/\/schema.org\",\"@graph\":[{\"@type\":\"WebPage\",\"@id\":\"https:\/\/almarlawyers.com\/ca\/politica-cookies\/\",\"url\":\"https:\/\/almarlawyers.com\/ca\/politica-cookies\/\",\"name\":\"Pol\u00edtica de Cookies - Almar Lawyers\",\"isPartOf\":{\"@id\":\"https:\/\/almarlawyers.com\/ca\/#website\"},\"datePublished\":\"2024-07-19T08:25:15+00:00\",\"dateModified\":\"2025-08-03T08:54:00+00:00\",\"breadcrumb\":{\"@id\":\"https:\/\/almarlawyers.com\/ca\/politica-cookies\/#breadcrumb\"},\"inLanguage\":\"ca\",\"potentialAction\":[{\"@type\":\"ReadAction\",\"target\":[\"https:\/\/almarlawyers.com\/ca\/politica-cookies\/\"]}]},{\"@type\":\"BreadcrumbList\",\"@id\":\"https:\/\/almarlawyers.com\/ca\/politica-cookies\/#breadcrumb\",\"itemListElement\":[{\"@type\":\"ListItem\",\"position\":1,\"name\":\"Home\",\"item\":\"https:\/\/almarlawyers.com\/ca\/\"},{\"@type\":\"ListItem\",\"position\":2,\"name\":\"Pol\u00edtica de Cookies\"}]},{\"@type\":\"WebSite\",\"@id\":\"https:\/\/almarlawyers.com\/ca\/#website\",\"url\":\"https:\/\/almarlawyers.com\/ca\/\",\"name\":\"Almar Lawyers\",\"description\":\"Your Lawyers in Ibiza\",\"publisher\":{\"@id\":\"https:\/\/almarlawyers.com\/ca\/#organization\"},\"potentialAction\":[{\"@type\":\"SearchAction\",\"target\":{\"@type\":\"EntryPoint\",\"urlTemplate\":\"https:\/\/almarlawyers.com\/ca\/?s={search_term_string}\"},\"query-input\":{\"@type\":\"PropertyValueSpecification\",\"valueRequired\":true,\"valueName\":\"search_term_string\"}}],\"inLanguage\":\"ca\"},{\"@type\":\"Organization\",\"@id\":\"https:\/\/almarlawyers.com\/ca\/#organization\",\"name\":\"Almar Lawyers\",\"url\":\"https:\/\/almarlawyers.com\/ca\/\",\"logo\":{\"@type\":\"ImageObject\",\"inLanguage\":\"ca\",\"@id\":\"https:\/\/almarlawyers.com\/ca\/#\/schema\/logo\/image\/\",\"url\":\"https:\/\/almarlawyers.com\/wp-content\/uploads\/2020\/07\/ALMAR-logo-Circle.png\",\"contentUrl\":\"https:\/\/almarlawyers.com\/wp-content\/uploads\/2020\/07\/ALMAR-logo-Circle.png\",\"width\":73,\"height\":70,\"caption\":\"Almar Lawyers\"},\"image\":{\"@id\":\"https:\/\/almarlawyers.com\/ca\/#\/schema\/logo\/image\/\"},\"sameAs\":[\"https:\/\/www.instagram.com\/almarlawyers\/\",\"https:\/\/www.linkedin.com\/company\/almarlawyers\/\"]}]}<\/script>\n<!-- \/ Yoast SEO plugin. -->","yoast_head_json":{"title":"Pol\u00edtica de Cookies - Almar Lawyers","robots":{"index":"index","follow":"follow","max-snippet":"max-snippet:-1","max-image-preview":"max-image-preview:large","max-video-preview":"max-video-preview:-1"},"canonical":"https:\/\/almarlawyers.com\/ca\/politica-cookies\/","og_locale":"ca_ES","og_type":"article","og_title":"Pol\u00edtica de Cookies - Almar Lawyers","og_url":"https:\/\/almarlawyers.com\/ca\/politica-cookies\/","og_site_name":"Almar Lawyers","article_modified_time":"2025-08-03T08:54:00+00:00","twitter_card":"summary_large_image","twitter_misc":{"Temps estimat de lectura":"6 minuts"},"schema":{"@context":"https:\/\/schema.org","@graph":[{"@type":"WebPage","@id":"https:\/\/almarlawyers.com\/ca\/politica-cookies\/","url":"https:\/\/almarlawyers.com\/ca\/politica-cookies\/","name":"Pol\u00edtica de Cookies - Almar Lawyers","isPartOf":{"@id":"https:\/\/almarlawyers.com\/ca\/#website"},"datePublished":"2024-07-19T08:25:15+00:00","dateModified":"2025-08-03T08:54:00+00:00","breadcrumb":{"@id":"https:\/\/almarlawyers.com\/ca\/politica-cookies\/#breadcrumb"},"inLanguage":"ca","potentialAction":[{"@type":"ReadAction","target":["https:\/\/almarlawyers.com\/ca\/politica-cookies\/"]}]},{"@type":"BreadcrumbList","@id":"https:\/\/almarlawyers.com\/ca\/politica-cookies\/#breadcrumb","itemListElement":[{"@type":"ListItem","position":1,"name":"Home","item":"https:\/\/almarlawyers.com\/ca\/"},{"@type":"ListItem","position":2,"name":"Pol\u00edtica de Cookies"}]},{"@type":"WebSite","@id":"https:\/\/almarlawyers.com\/ca\/#website","url":"https:\/\/almarlawyers.com\/ca\/","name":"Almar Lawyers","description":"Your Lawyers in Ibiza","publisher":{"@id":"https:\/\/almarlawyers.com\/ca\/#organization"},"potentialAction":[{"@type":"SearchAction","target":{"@type":"EntryPoint","urlTemplate":"https:\/\/almarlawyers.com\/ca\/?s={search_term_string}"},"query-input":{"@type":"PropertyValueSpecification","valueRequired":true,"valueName":"search_term_string"}}],"inLanguage":"ca"},{"@type":"Organization","@id":"https:\/\/almarlawyers.com\/ca\/#organization","name":"Almar Lawyers","url":"https:\/\/almarlawyers.com\/ca\/","logo":{"@type":"ImageObject","inLanguage":"ca","@id":"https:\/\/almarlawyers.com\/ca\/#\/schema\/logo\/image\/","url":"https:\/\/almarlawyers.com\/wp-content\/uploads\/2020\/07\/ALMAR-logo-Circle.png","contentUrl":"https:\/\/almarlawyers.com\/wp-content\/uploads\/2020\/07\/ALMAR-logo-Circle.png","width":73,"height":70,"caption":"Almar Lawyers"},"image":{"@id":"https:\/\/almarlawyers.com\/ca\/#\/schema\/logo\/image\/"},"sameAs":["https:\/\/www.instagram.com\/almarlawyers\/","https:\/\/www.linkedin.com\/company\/almarlawyers\/"]}]}},"_links":{"self":[{"href":"https:\/\/almarlawyers.com\/ca\/wp-json\/wp\/v2\/pages\/3704","targetHints":{"allow":["GET"]}}],"collection":[{"href":"https:\/\/almarlawyers.com\/ca\/wp-json\/wp\/v2\/pages"}],"about":[{"href":"https:\/\/almarlawyers.com\/ca\/wp-json\/wp\/v2\/types\/page"}],"author":[{"embeddable":true,"href":"https:\/\/almarlawyers.com\/ca\/wp-json\/wp\/v2\/users\/1"}],"replies":[{"embeddable":true,"href":"https:\/\/almarlawyers.com\/ca\/wp-json\/wp\/v2\/comments?post=3704"}],"version-history":[{"count":3,"href":"https:\/\/almarlawyers.com\/ca\/wp-json\/wp\/v2\/pages\/3704\/revisions"}],"predecessor-version":[{"id":4408,"href":"https:\/\/almarlawyers.com\/ca\/wp-json\/wp\/v2\/pages\/3704\/revisions\/4408"}],"wp:attachment":[{"href":"https:\/\/almarlawyers.com\/ca\/wp-json\/wp\/v2\/media?parent=3704"}],"curies":[{"name":"wp","href":"https:\/\/api.w.org\/{rel}","templated":true}]}}